{"id":34,"date":"2023-02-20T18:00:25","date_gmt":"2023-02-20T17:00:25","guid":{"rendered":"https:\/\/isual.fr\/?page_id=34"},"modified":"2023-07-30T18:02:07","modified_gmt":"2023-07-30T16:02:07","slug":"mentions-legales","status":"publish","type":"page","link":"https:\/\/isual.fr\/index.php\/mentions-legales\/","title":{"rendered":"Mentions L\u00e9gales"},"content":{"rendered":"\t\t<div data-elementor-type=\"wp-page\" data-elementor-id=\"34\" class=\"elementor elementor-34\">\n\t\t\t\t\t\t<section class=\"elementor-section elementor-top-section elementor-element elementor-element-51aae86 elementor-section-stretched elementor-section-boxed elementor-section-height-default elementor-section-height-default\" data-id=\"51aae86\" data-element_type=\"section\" data-e-type=\"section\" data-settings=\"{&quot;stretch_section&quot;:&quot;section-stretched&quot;,&quot;background_background&quot;:&quot;slideshow&quot;,&quot;background_slideshow_gallery&quot;:[{&quot;id&quot;:1494,&quot;url&quot;:&quot;https:\\\/\\\/isual.fr\\\/wp-content\\\/uploads\\\/2023\\\/06\\\/workplace-workspace-home-office-5517744.jpg&quot;}],&quot;background_slideshow_loop&quot;:&quot;yes&quot;,&quot;background_slideshow_slide_duration&quot;:5000,&quot;background_slideshow_slide_transition&quot;:&quot;fade&quot;,&quot;background_slideshow_transition_duration&quot;:500}\">\n\t\t\t\t\t\t\t<div class=\"elementor-background-overlay\"><\/div>\n\t\t\t\t\t\t\t<div class=\"elementor-container elementor-column-gap-default\">\n\t\t\t\t\t<div class=\"elementor-column elementor-col-100 elementor-top-column elementor-element elementor-element-30ed1e90\" data-id=\"30ed1e90\" data-element_type=\"column\" data-e-type=\"column\">\n\t\t\t<div class=\"elementor-widget-wrap elementor-element-populated\">\n\t\t\t\t\t\t<div class=\"elementor-element elementor-element-29b3474c elementor-widget elementor-widget-text-editor\" data-id=\"29b3474c\" data-element_type=\"widget\" data-e-type=\"widget\" data-widget_type=\"text-editor.default\">\n\t\t\t\t<div class=\"elementor-widget-container\">\n\t\t\t\t\t\t\t\t\t<p>Mentions l\u00e9gales<\/p>\t\t\t\t\t\t\t\t<\/div>\n\t\t\t\t<\/div>\n\t\t\t\t\t<\/div>\n\t\t<\/div>\n\t\t\t\t\t<\/div>\n\t\t<\/section>\n\t\t\t\t<section class=\"elementor-section elementor-top-section elementor-element elementor-element-a3b50cf elementor-section-boxed elementor-section-height-default elementor-section-height-default\" data-id=\"a3b50cf\" data-element_type=\"section\" data-e-type=\"section\">\n\t\t\t\t\t\t<div class=\"elementor-container elementor-column-gap-default\">\n\t\t\t\t\t<div class=\"elementor-column elementor-col-100 elementor-top-column elementor-element elementor-element-f3538e7\" data-id=\"f3538e7\" data-element_type=\"column\" data-e-type=\"column\">\n\t\t\t<div class=\"elementor-widget-wrap elementor-element-populated\">\n\t\t\t\t\t\t<div class=\"elementor-element elementor-element-a018242 elementor-widget elementor-widget-text-editor\" data-id=\"a018242\" data-element_type=\"widget\" data-e-type=\"widget\" data-widget_type=\"text-editor.default\">\n\t\t\t\t<div class=\"elementor-widget-container\">\n\t\t\t\t\t\t\t\t\t<p>Merci de lire avec attention les diff\u00e9rentes modalit\u00e9s d\u2019utilisation du pr\u00e9sent site. En vous connectant sur ce site, vous acceptez sans r\u00e9serves les pr\u00e9sentes modalit\u00e9s. L<span style=\"font-size: 14.000001px;\">es responsables du pr\u00e9sent site internet <\/span><a style=\"font-size: 14.000001px;\" href=\"https:\/\/isual.fr\/\">https:\/\/isual.fr<\/a><span style=\"font-size: 14.000001px;\">&nbsp;<\/span><span style=\"font-size: 14.000001px; color: var( --e-global-color-text );\">sont :<\/span><\/p>\n<h2><span style=\"color: #007f90;\">Editeur du Site :<\/span><\/h2>\n<p>DUBOSCQ Axelle<\/p>\n<p>Responsable \u00e9ditorial : DUBOSCQ Axelle<\/p>\n<p>78420&nbsp;<span style=\"font-family: Roboto, sans-serif; font-size: 14.000001px; font-style: normal; font-variant-caps: normal; color: var( --e-global-color-text );\">Carri\u00e8res-sur-Seine<\/span><\/p>\n<p>T\u00e9l\u00e9phone : 0626462510<\/p>\n<p>Email :&nbsp;contact.isual@gmail.com<\/p>\n<p>H\u00e9bergeur : OVH<\/p>\n<h2><span style=\"color: #007f90;\">Conditions d\u2019utilisation :<\/span><\/h2>\n<p>Ce site (<a style=\"font-family: Roboto, sans-serif; font-size: 14.000001px; font-style: normal; font-variant-caps: normal;\" href=\"https:\/\/isual.fr\/\">https:\/\/isual.fr<\/a><span style=\"font-size: 14.000001px; color: var( --e-global-color-text );\">) est propos\u00e9 en diff\u00e9rents langages web (HTML, HTML5, Javascript, CSS, etc\u2026) pour un meilleur confort d\u2019utilisation et un graphisme plus agr\u00e9able, nous vous recommandons de recourir \u00e0 des navigateurs modernes comme Internet explorer, Safari, Firefox, Google Chrome, etc\u2026<\/span><\/p>\n<p>Isual<b>&nbsp;<\/b>met en \u0153uvre tous les moyens dont il dispose, pour assurer une information fiable et une mise \u00e0 jour fiable de son site internet. Toutefois, des erreurs ou omissions peuvent survenir. L\u2019internaute devra donc s\u2019assurer de l\u2019exactitude des informations aupr\u00e8s de Isual et signaler toutes modifications du site qu\u2019il jugerait utile.<\/p>\n<h2><span style=\"color: #007f90; font-size: 20px;\">Cookies :<\/span><\/h2>\n<p>Le site&nbsp;<a style=\"font-family: Roboto, sans-serif; font-size: 14.000001px; font-style: normal; font-variant-caps: normal;\" href=\"https:\/\/isual.fr\/\">https:\/\/isual.fr<\/a><span style=\"font-size: 14.000001px; color: var( --e-global-color-text );\"> peut-\u00eatre amen\u00e9 \u00e0 vous demander l\u2019acceptation des cookies pour des besoins de statistiques et d\u2019affichage. Un cookie est une information d\u00e9pos\u00e9e sur votre disque dur par le serveur du site que vous visitez. Il contient plusieurs donn\u00e9es qui sont stock\u00e9es sur votre ordinateur dans un simple fichier texte auquel un serveur acc\u00e8de pour lire et enregistrer des informations.<\/span><\/p>\n<h2><span style=\"color: #007f90;\">Liens hypertextes :<\/span><\/h2>\n<p>Les sites internet ne peuvent offrir des liens vers d\u2019autres sites internet ou d\u2019autres ressources disponibles sur Internet. Isual ne dispose d\u2019aucun moyen pour contr\u00f4ler les sites en connexion avec ses sites internet. Isual ne r\u00e9pond pas de la disponibilit\u00e9 de tels sites et sources externes, ni ne la garantit. Isual ne peut \u00eatre tenue pour responsable de tout dommage, de quelque nature que ce soit, r\u00e9sultant du contenu de ces sites ou sources externes, et notamment des informations, produits ou services qu\u2019ils proposent, ou de tout usage qui peut \u00eatre fait de ces \u00e9l\u00e9ments. Les risques li\u00e9s \u00e0 cette utilisation incombent pleinement \u00e0 l\u2019internaute, qui doit se conformer \u00e0 leurs conditions d\u2019utilisation.<\/p>\n<p>Dans l\u2019hypoth\u00e8se o\u00f9 un utilisateur ou visiteur souhaiterait mettre en place un hyperlien en direction du sites internet Isual, il lui appartiendra d\u2019adresser un email \u00e0 Isual afin de formuler sa demande de mise en place d\u2019un hyperlien. Isual se r\u00e9serve le droit d\u2019accepter ou de refuser un hyperlien sans avoir \u00e0 en justifier sa d\u00e9cision.<\/p>\n<h2><span style=\"color: #007f90;\">Services fournis :<\/span><\/h2>\n<p>L\u2019ensemble des services fournis &nbsp;sont pr\u00e9sent\u00e9s sur le site&nbsp;<a style=\"font-family: Roboto, sans-serif; font-size: 14.000001px; font-style: normal; font-variant-caps: normal;\" href=\"https:\/\/isual.fr\/\">https:\/\/isual.fr<\/a><\/p>\n<p>Isual s\u2019efforce de fournir sur le site&nbsp;<a style=\"font-family: Roboto, sans-serif; font-size: 14.000001px; font-style: normal; font-variant-caps: normal;\" href=\"https:\/\/isual.fr\/\">https:\/\/isual.fr<\/a><span style=\"font-size: 14.000001px; color: var( --e-global-color-text );\">&nbsp;des informations aussi pr\u00e9cises que possible. Les renseignements figurant sur le site ne sont pas exhaustifs et les photos non contractuelles. Ils sont donn\u00e9s sous r\u00e9serve de modifications ayant \u00e9t\u00e9 apport\u00e9es depuis leur mise en ligne. Par ailleurs, toutes les informations indiqu\u00e9es sur le site&nbsp;<\/span><span style=\"font-family: Roboto, sans-serif; font-size: 14.000001px; font-style: normal; font-variant-caps: normal; color: var( --e-global-color-text );\">Isual<\/span><b style=\"font-size: 14.000001px; color: var( --e-global-color-text );\">&nbsp;<\/b><span style=\"font-size: 14.000001px; color: var( --e-global-color-text );\">sont donn\u00e9es \u00e0 titre indicatif, et sont susceptibles de changer ou d\u2019\u00e9voluer sans pr\u00e9avis.<\/span><\/p>\n<h2><span style=\"color: #007f90;\">Limitation contractuelles sur les donn\u00e9es :<\/span><\/h2>\n<p>Les informations contenues sur ce site Isual sont aussi pr\u00e9cises que possible et le site remis \u00e0 jour \u00e0 diff\u00e9rentes p\u00e9riodes de l\u2019ann\u00e9e, mais peut toutefois contenir des inexactitudes ou des omissions. Si vous constatez une lacune, erreur ou ce qui parait \u00eatre un dysfonctionnement, merci de bien vouloir le signaler par email, \u00e0 l\u2019adresse&nbsp;<span style=\"font-family: Roboto, sans-serif; font-size: 14.000001px; font-style: normal; font-variant-caps: normal;\">contact.isual@gmail.com<\/span><span style=\"font-size: 14.000001px;\">, en d\u00e9crivant le probl\u00e8me de la mani\u00e8re la plus pr\u00e9cise possible (page posant probl\u00e8me, type d\u2019ordinateur et de navigateur utilis\u00e9, \u2026).<\/span><\/p>\n<p>Tout contenu t\u00e9l\u00e9charg\u00e9 se fait aux risques et p\u00e9rils de l\u2019utilisateur et sous sa seule responsabilit\u00e9. En cons\u00e9quence, Isual ne saurait \u00eatre tenu responsable d\u2019un quelconque dommage subi par l\u2019ordinateur de l\u2019utilisateur ou d\u2019une quelconque perte de donn\u00e9es cons\u00e9cutives au t\u00e9l\u00e9chargement.&nbsp;De plus, l\u2019utilisateur du site s\u2019engage \u00e0 acc\u00e9der au site en utilisant un mat\u00e9riel r\u00e9cent, ne contenant pas de virus et avec un navigateur de derni\u00e8re g\u00e9n\u00e9ration mis-\u00e0-jour.<\/p>\n<p>Les liens hypertextes mis en place dans le cadre du pr\u00e9sent site internet en direction d\u2019autres ressources pr\u00e9sentes sur le r\u00e9seau Internet ne sauraient engager la responsabilit\u00e9 de&nbsp;<span style=\"font-family: Roboto, sans-serif; font-size: 14.000001px; font-style: normal; font-variant-caps: normal; color: var( --e-global-color-text );\">Isual<\/span><span style=\"font-size: 14.000001px; color: var( --e-global-color-text );\">.<\/span><\/p>\n<h2><span style=\"color: #007f90;\">Propri\u00e9t\u00e9 intellectuelle :<\/span><\/h2>\n<p>Tout le contenu du pr\u00e9sent site&nbsp;<a style=\"font-family: Roboto, sans-serif; font-size: 14.000001px; font-style: normal; font-variant-caps: normal;\" href=\"https:\/\/isual.fr\/\">https:\/\/isual.fr<\/a><span style=\"font-size: 14.000001px; color: var( --e-global-color-text );\">&nbsp;incluant, de fa\u00e7on non limitative, les graphismes, images, textes, vid\u00e9os, animations, sons, logos, gifs et ic\u00f4nes ainsi que leur mise en forme sont la propri\u00e9t\u00e9 exclusive de Isual \u00e0 l\u2019exception des marques, logos ou contenus appartenant \u00e0 d\u2019autres soci\u00e9t\u00e9s partenaires ou auteurs.<\/span><\/p>\n<p>Toute reproduction, distribution, modification, adaptation, retransmission ou publication, m\u00eame partielle, de ces diff\u00e9rents \u00e9l\u00e9ments est strictement interdite sans l\u2019accord expr\u00e8s par \u00e9crit de&nbsp;<span style=\"font-family: Roboto, sans-serif; font-size: 14.000001px; font-style: normal; font-variant-caps: normal; color: var( --e-global-color-text );\">Isual<\/span><span style=\"font-size: 14.000001px; color: var( --e-global-color-text );\">. Cette repr\u00e9sentation ou reproduction, par quelque proc\u00e9d\u00e9 que ce soit, constitue une contrefa\u00e7on sanctionn\u00e9e par les articles L.335-2 et suivants du Code de la propri\u00e9t\u00e9 intellectuelle. Le non-respect de cette interdiction constitue une contrefa\u00e7on pouvant engager la responsabilit\u00e9 civile et p\u00e9nale du contrefacteur. En outre, les propri\u00e9taires des Contenus copi\u00e9s pourraient intenter une action en justice \u00e0 votre encontre.<\/span><\/p>\n<h2><span style=\"color: #007f90;\">Litiges :<\/span><\/h2>\n<p>Les pr\u00e9sentes conditions du site&nbsp;<a style=\"font-family: Roboto, sans-serif; font-size: 14.000001px; font-style: normal; font-variant-caps: normal;\" href=\"https:\/\/isual.fr\/\">https:\/\/isual.fr<\/a><span style=\"font-size: 14.000001px;\">&nbsp;sont r\u00e9gies par les lois fran\u00e7aises et toute contestation ou litiges qui pourraient na\u00eetre de l\u2019interpr\u00e9tation ou de l\u2019ex\u00e9cution de celles-ci seront de la comp\u00e9tence exclusive des tribunaux dont d\u00e9pend le si\u00e8ge social de la soci\u00e9t\u00e9. La langue de r\u00e9f\u00e9rence, pour le r\u00e8glement de contentieux \u00e9ventuels, est le fran\u00e7ais.<\/span><\/p>\n<h2><span style=\"color: #007f90;\">Donn\u00e9es personnelles :<\/span><\/h2>\n<p>De mani\u00e8re g\u00e9n\u00e9rale, vous n\u2019\u00eates pas tenus de nous communiquer vos donn\u00e9es personnelles lorsque vous visitez notre site Internet&nbsp;<a style=\"font-family: Roboto, sans-serif; font-size: 14.000001px; font-style: normal; font-variant-caps: normal;\" href=\"https:\/\/isual.fr\/\">https:\/\/isual.fr<\/a><\/p>\n<p>Cependant, ce principe comporte certaines exceptions. En effet, pour certains services propos\u00e9s par notre site, vous pouvez \u00eatre amen\u00e9s \u00e0 nous communiquer certaines donn\u00e9es telles que : votre nom, votre pr\u00e9nom, votre adresse \u00e9lectronique. Tel est le cas lorsque vous remplissez le formulaire qui vous est propos\u00e9 en ligne, dans la rubrique \u00ab contact&nbsp;\u00bb.<\/p>\n<p>Dans tous les cas, vous pouvez refuser de fournir vos donn\u00e9es personnelles. Dans ce cas, vous ne pourrez pas utiliser les services du site, notamment celui de solliciter des renseignements sur notre soci\u00e9t\u00e9, ou de recevoir des informations.<\/p>\n<p>Enfin, nous pouvons collecter de mani\u00e8re automatique certaines informations vous concernant lors d\u2019une simple navigation sur notre site Internet, notamment : des informations concernant l\u2019utilisation de notre site, comme les zones que vous visitez et les services auxquels vous acc\u00e9dez, votre adresse IP, le type de votre navigateur, vos temps d\u2019acc\u00e8s.<\/p>\n<p>De telles informations sont utilis\u00e9es exclusivement \u00e0 des fins de statistiques internes, de mani\u00e8re \u00e0 am\u00e9liorer la qualit\u00e9 des services qui vous sont propos\u00e9s.<\/p>\t\t\t\t\t\t\t\t<\/div>\n\t\t\t\t<\/div>\n\t\t\t\t\t<\/div>\n\t\t<\/div>\n\t\t\t\t\t<\/div>\n\t\t<\/section>\n\t\t\t\t<section class=\"elementor-section elementor-top-section elementor-element elementor-element-962de52 elementor-section-boxed elementor-section-height-default elementor-section-height-default\" data-id=\"962de52\" data-element_type=\"section\" data-e-type=\"section\">\n\t\t\t\t\t\t<div class=\"elementor-container elementor-column-gap-default\">\n\t\t\t\t\t<div class=\"elementor-column elementor-col-100 elementor-top-column elementor-element elementor-element-673f557\" data-id=\"673f557\" data-element_type=\"column\" data-e-type=\"column\">\n\t\t\t<div class=\"elementor-widget-wrap elementor-element-populated\">\n\t\t\t\t\t\t<div class=\"elementor-element elementor-element-ddfad74 elementor-widget elementor-widget-spacer\" data-id=\"ddfad74\" data-element_type=\"widget\" data-e-type=\"widget\" data-widget_type=\"spacer.default\">\n\t\t\t\t<div class=\"elementor-widget-container\">\n\t\t\t\t\t\t\t<div class=\"elementor-spacer\">\n\t\t\t<div class=\"elementor-spacer-inner\"><\/div>\n\t\t<\/div>\n\t\t\t\t\t\t<\/div>\n\t\t\t\t<\/div>\n\t\t\t\t\t<\/div>\n\t\t<\/div>\n\t\t\t\t\t<\/div>\n\t\t<\/section>\n\t\t\t\t<\/div>\n\t\t","protected":false},"excerpt":{"rendered":"<p>Mentions l\u00e9gales Merci de lire avec attention les diff\u00e9rentes modalit\u00e9s d\u2019utilisation du pr\u00e9sent site. En vous connectant sur ce site, vous acceptez sans r\u00e9serves les pr\u00e9sentes modalit\u00e9s. Les responsables du pr\u00e9sent site internet https:\/\/isual.fr&nbsp;sont : Editeur du Site : DUBOSCQ Axelle Responsable \u00e9ditorial : DUBOSCQ Axelle 78420&nbsp;Carri\u00e8res-sur-Seine T\u00e9l\u00e9phone : 0626462510 Email :&nbsp;contact.isual@gmail.com H\u00e9bergeur : OVH [&hellip;]<\/p>\n","protected":false},"author":1,"featured_media":0,"parent":0,"menu_order":0,"comment_status":"closed","ping_status":"closed","template":"","meta":{"_mi_skip_tracking":false,"_monsterinsights_sitenote_active":false,"_monsterinsights_sitenote_note":"","_monsterinsights_sitenote_category":0,"ocean_post_layout":"","ocean_both_sidebars_style":"","ocean_both_sidebars_content_width":0,"ocean_both_sidebars_sidebars_width":0,"ocean_sidebar":"0","ocean_second_sidebar":"0","ocean_disable_margins":"enable","ocean_add_body_class":"","ocean_shortcode_before_top_bar":"","ocean_shortcode_after_top_bar":"","ocean_shortcode_before_header":"","ocean_shortcode_after_header":"","ocean_has_shortcode":"","ocean_shortcode_after_title":"","ocean_shortcode_before_footer_widgets":"","ocean_shortcode_after_footer_widgets":"","ocean_shortcode_before_footer_bottom":"","ocean_shortcode_after_footer_bottom":"","ocean_display_top_bar":"default","ocean_display_header":"default","ocean_header_style":"","ocean_center_header_left_menu":"0","ocean_custom_header_template":"0","ocean_custom_logo":0,"ocean_custom_retina_logo":0,"ocean_custom_logo_max_width":0,"ocean_custom_logo_tablet_max_width":0,"ocean_custom_logo_mobile_max_width":0,"ocean_custom_logo_max_height":0,"ocean_custom_logo_tablet_max_height":0,"ocean_custom_logo_mobile_max_height":0,"ocean_header_custom_menu":"0","ocean_menu_typo_font_family":"0","ocean_menu_typo_font_subset":"","ocean_menu_typo_font_size":0,"ocean_menu_typo_font_size_tablet":0,"ocean_menu_typo_font_size_mobile":0,"ocean_menu_typo_font_size_unit":"px","ocean_menu_typo_font_weight":"","ocean_menu_typo_font_weight_tablet":"","ocean_menu_typo_font_weight_mobile":"","ocean_menu_typo_transform":"","ocean_menu_typo_transform_tablet":"","ocean_menu_typo_transform_mobile":"","ocean_menu_typo_line_height":0,"ocean_menu_typo_line_height_tablet":0,"ocean_menu_typo_line_height_mobile":0,"ocean_menu_typo_line_height_unit":"","ocean_menu_typo_spacing":0,"ocean_menu_typo_spacing_tablet":0,"ocean_menu_typo_spacing_mobile":0,"ocean_menu_typo_spacing_unit":"","ocean_menu_link_color":"","ocean_menu_link_color_hover":"","ocean_menu_link_color_active":"","ocean_menu_link_background":"","ocean_menu_link_hover_background":"","ocean_menu_link_active_background":"","ocean_menu_social_links_bg":"","ocean_menu_social_hover_links_bg":"","ocean_menu_social_links_color":"","ocean_menu_social_hover_links_color":"","ocean_disable_title":"on","ocean_disable_heading":"default","ocean_post_title":"","ocean_post_subheading":"","ocean_post_title_style":"","ocean_post_title_background_color":"","ocean_post_title_background":0,"ocean_post_title_bg_image_position":"","ocean_post_title_bg_image_attachment":"","ocean_post_title_bg_image_repeat":"","ocean_post_title_bg_image_size":"","ocean_post_title_height":0,"ocean_post_title_bg_overlay":0.5,"ocean_post_title_bg_overlay_color":"","ocean_disable_breadcrumbs":"default","ocean_breadcrumbs_color":"","ocean_breadcrumbs_separator_color":"","ocean_breadcrumbs_links_color":"","ocean_breadcrumbs_links_hover_color":"","ocean_display_footer_widgets":"default","ocean_display_footer_bottom":"default","ocean_custom_footer_template":"0","footnotes":""},"class_list":["post-34","page","type-page","status-publish","hentry","entry"],"yoast_head":"<!-- This site is optimized with the Yoast SEO plugin v27.3 - https:\/\/yoast.com\/product\/yoast-seo-wordpress\/ -->\n<title>Mentions L\u00e9gales - Isual<\/title>\n<meta name=\"robots\" content=\"index, follow, max-snippet:-1, max-image-preview:large, max-video-preview:-1\" \/>\n<link rel=\"canonical\" href=\"https:\/\/isual.fr\/index.php\/mentions-legales\/\" \/>\n<meta property=\"og:locale\" content=\"fr_FR\" \/>\n<meta property=\"og:type\" content=\"article\" \/>\n<meta property=\"og:title\" content=\"Mentions L\u00e9gales - Isual\" \/>\n<meta property=\"og:description\" content=\"Mentions l\u00e9gales Merci de lire avec attention les diff\u00e9rentes modalit\u00e9s d\u2019utilisation du pr\u00e9sent site. En vous connectant sur ce site, vous acceptez sans r\u00e9serves les pr\u00e9sentes modalit\u00e9s. Les responsables du pr\u00e9sent site internet https:\/\/isual.fr&nbsp;sont : Editeur du Site : DUBOSCQ Axelle Responsable \u00e9ditorial : DUBOSCQ Axelle 78420&nbsp;Carri\u00e8res-sur-Seine T\u00e9l\u00e9phone : 0626462510 Email :&nbsp;contact.isual@gmail.com H\u00e9bergeur : OVH [&hellip;]\" \/>\n<meta property=\"og:url\" content=\"https:\/\/isual.fr\/index.php\/mentions-legales\/\" \/>\n<meta property=\"og:site_name\" content=\"Isual\" \/>\n<meta property=\"article:modified_time\" content=\"2023-07-30T16:02:07+00:00\" \/>\n<meta name=\"twitter:card\" content=\"summary_large_image\" \/>\n<meta name=\"twitter:label1\" content=\"Dur\u00e9e de lecture estim\u00e9e\" \/>\n\t<meta name=\"twitter:data1\" content=\"6 minutes\" \/>\n<script type=\"application\/ld+json\" class=\"yoast-schema-graph\">{\"@context\":\"https:\\\/\\\/schema.org\",\"@graph\":[{\"@type\":\"WebPage\",\"@id\":\"https:\\\/\\\/isual.fr\\\/index.php\\\/mentions-legales\\\/\",\"url\":\"https:\\\/\\\/isual.fr\\\/index.php\\\/mentions-legales\\\/\",\"name\":\"Mentions L\u00e9gales - Isual\",\"isPartOf\":{\"@id\":\"https:\\\/\\\/isual.fr\\\/#website\"},\"datePublished\":\"2023-02-20T17:00:25+00:00\",\"dateModified\":\"2023-07-30T16:02:07+00:00\",\"breadcrumb\":{\"@id\":\"https:\\\/\\\/isual.fr\\\/index.php\\\/mentions-legales\\\/#breadcrumb\"},\"inLanguage\":\"fr-FR\",\"potentialAction\":[{\"@type\":\"ReadAction\",\"target\":[\"https:\\\/\\\/isual.fr\\\/index.php\\\/mentions-legales\\\/\"]}]},{\"@type\":\"BreadcrumbList\",\"@id\":\"https:\\\/\\\/isual.fr\\\/index.php\\\/mentions-legales\\\/#breadcrumb\",\"itemListElement\":[{\"@type\":\"ListItem\",\"position\":1,\"name\":\"Accueil\",\"item\":\"https:\\\/\\\/isual.fr\\\/\"},{\"@type\":\"ListItem\",\"position\":2,\"name\":\"Mentions L\u00e9gales\"}]},{\"@type\":\"WebSite\",\"@id\":\"https:\\\/\\\/isual.fr\\\/#website\",\"url\":\"https:\\\/\\\/isual.fr\\\/\",\"name\":\"isual.fr\",\"description\":\"Rendez vos id\u00e9es visibles\",\"publisher\":{\"@id\":\"https:\\\/\\\/isual.fr\\\/#organization\"},\"potentialAction\":[{\"@type\":\"SearchAction\",\"target\":{\"@type\":\"EntryPoint\",\"urlTemplate\":\"https:\\\/\\\/isual.fr\\\/?s={search_term_string}\"},\"query-input\":{\"@type\":\"PropertyValueSpecification\",\"valueRequired\":true,\"valueName\":\"search_term_string\"}}],\"inLanguage\":\"fr-FR\"},{\"@type\":\"Organization\",\"@id\":\"https:\\\/\\\/isual.fr\\\/#organization\",\"name\":\"isual.fr\",\"url\":\"https:\\\/\\\/isual.fr\\\/\",\"logo\":{\"@type\":\"ImageObject\",\"inLanguage\":\"fr-FR\",\"@id\":\"https:\\\/\\\/isual.fr\\\/#\\\/schema\\\/logo\\\/image\\\/\",\"url\":\"https:\\\/\\\/isual.fr\\\/wp-content\\\/uploads\\\/2023\\\/02\\\/cropped-cropped-logo_isual-1.png\",\"contentUrl\":\"https:\\\/\\\/isual.fr\\\/wp-content\\\/uploads\\\/2023\\\/02\\\/cropped-cropped-logo_isual-1.png\",\"width\":896,\"height\":425,\"caption\":\"isual.fr\"},\"image\":{\"@id\":\"https:\\\/\\\/isual.fr\\\/#\\\/schema\\\/logo\\\/image\\\/\"}}]}<\/script>\n<!-- \/ Yoast SEO plugin. -->","yoast_head_json":{"title":"Mentions L\u00e9gales - Isual","robots":{"index":"index","follow":"follow","max-snippet":"max-snippet:-1","max-image-preview":"max-image-preview:large","max-video-preview":"max-video-preview:-1"},"canonical":"https:\/\/isual.fr\/index.php\/mentions-legales\/","og_locale":"fr_FR","og_type":"article","og_title":"Mentions L\u00e9gales - Isual","og_description":"Mentions l\u00e9gales Merci de lire avec attention les diff\u00e9rentes modalit\u00e9s d\u2019utilisation du pr\u00e9sent site. En vous connectant sur ce site, vous acceptez sans r\u00e9serves les pr\u00e9sentes modalit\u00e9s. Les responsables du pr\u00e9sent site internet https:\/\/isual.fr&nbsp;sont : Editeur du Site : DUBOSCQ Axelle Responsable \u00e9ditorial : DUBOSCQ Axelle 78420&nbsp;Carri\u00e8res-sur-Seine T\u00e9l\u00e9phone : 0626462510 Email :&nbsp;contact.isual@gmail.com H\u00e9bergeur : OVH [&hellip;]","og_url":"https:\/\/isual.fr\/index.php\/mentions-legales\/","og_site_name":"Isual","article_modified_time":"2023-07-30T16:02:07+00:00","twitter_card":"summary_large_image","twitter_misc":{"Dur\u00e9e de lecture estim\u00e9e":"6 minutes"},"schema":{"@context":"https:\/\/schema.org","@graph":[{"@type":"WebPage","@id":"https:\/\/isual.fr\/index.php\/mentions-legales\/","url":"https:\/\/isual.fr\/index.php\/mentions-legales\/","name":"Mentions L\u00e9gales - Isual","isPartOf":{"@id":"https:\/\/isual.fr\/#website"},"datePublished":"2023-02-20T17:00:25+00:00","dateModified":"2023-07-30T16:02:07+00:00","breadcrumb":{"@id":"https:\/\/isual.fr\/index.php\/mentions-legales\/#breadcrumb"},"inLanguage":"fr-FR","potentialAction":[{"@type":"ReadAction","target":["https:\/\/isual.fr\/index.php\/mentions-legales\/"]}]},{"@type":"BreadcrumbList","@id":"https:\/\/isual.fr\/index.php\/mentions-legales\/#breadcrumb","itemListElement":[{"@type":"ListItem","position":1,"name":"Accueil","item":"https:\/\/isual.fr\/"},{"@type":"ListItem","position":2,"name":"Mentions L\u00e9gales"}]},{"@type":"WebSite","@id":"https:\/\/isual.fr\/#website","url":"https:\/\/isual.fr\/","name":"isual.fr","description":"Rendez vos id\u00e9es visibles","publisher":{"@id":"https:\/\/isual.fr\/#organization"},"potentialAction":[{"@type":"SearchAction","target":{"@type":"EntryPoint","urlTemplate":"https:\/\/isual.fr\/?s={search_term_string}"},"query-input":{"@type":"PropertyValueSpecification","valueRequired":true,"valueName":"search_term_string"}}],"inLanguage":"fr-FR"},{"@type":"Organization","@id":"https:\/\/isual.fr\/#organization","name":"isual.fr","url":"https:\/\/isual.fr\/","logo":{"@type":"ImageObject","inLanguage":"fr-FR","@id":"https:\/\/isual.fr\/#\/schema\/logo\/image\/","url":"https:\/\/isual.fr\/wp-content\/uploads\/2023\/02\/cropped-cropped-logo_isual-1.png","contentUrl":"https:\/\/isual.fr\/wp-content\/uploads\/2023\/02\/cropped-cropped-logo_isual-1.png","width":896,"height":425,"caption":"isual.fr"},"image":{"@id":"https:\/\/isual.fr\/#\/schema\/logo\/image\/"}}]}},"_links":{"self":[{"href":"https:\/\/isual.fr\/index.php\/wp-json\/wp\/v2\/pages\/34","targetHints":{"allow":["GET"]}}],"collection":[{"href":"https:\/\/isual.fr\/index.php\/wp-json\/wp\/v2\/pages"}],"about":[{"href":"https:\/\/isual.fr\/index.php\/wp-json\/wp\/v2\/types\/page"}],"author":[{"embeddable":true,"href":"https:\/\/isual.fr\/index.php\/wp-json\/wp\/v2\/users\/1"}],"replies":[{"embeddable":true,"href":"https:\/\/isual.fr\/index.php\/wp-json\/wp\/v2\/comments?post=34"}],"version-history":[{"count":35,"href":"https:\/\/isual.fr\/index.php\/wp-json\/wp\/v2\/pages\/34\/revisions"}],"predecessor-version":[{"id":2308,"href":"https:\/\/isual.fr\/index.php\/wp-json\/wp\/v2\/pages\/34\/revisions\/2308"}],"wp:attachment":[{"href":"https:\/\/isual.fr\/index.php\/wp-json\/wp\/v2\/media?parent=34"}],"curies":[{"name":"wp","href":"https:\/\/api.w.org\/{rel}","templated":true}]}}