{"id":3,"date":"2023-02-08T15:22:22","date_gmt":"2023-02-08T14:22:22","guid":{"rendered":"http:\/\/isual.fr\/?page_id=3"},"modified":"2023-07-30T17:11:47","modified_gmt":"2023-07-30T15:11:47","slug":"politique-de-confidentialite","status":"publish","type":"page","link":"https:\/\/isual.fr\/index.php\/politique-de-confidentialite\/","title":{"rendered":"Politique de confidentialit\u00e9"},"content":{"rendered":"\t\t<div data-elementor-type=\"wp-page\" data-elementor-id=\"3\" class=\"elementor elementor-3\">\n\t\t\t\t\t\t<section class=\"elementor-section elementor-top-section elementor-element elementor-element-6cce0fd elementor-section-full_width elementor-section-stretched elementor-section-height-default elementor-section-height-default\" data-id=\"6cce0fd\" data-element_type=\"section\" data-e-type=\"section\" data-settings=\"{&quot;background_background&quot;:&quot;slideshow&quot;,&quot;stretch_section&quot;:&quot;section-stretched&quot;,&quot;background_slideshow_gallery&quot;:[{&quot;id&quot;:1494,&quot;url&quot;:&quot;https:\\\/\\\/isual.fr\\\/wp-content\\\/uploads\\\/2023\\\/06\\\/workplace-workspace-home-office-5517744.jpg&quot;}],&quot;background_slideshow_loop&quot;:&quot;yes&quot;,&quot;background_slideshow_slide_duration&quot;:5000,&quot;background_slideshow_slide_transition&quot;:&quot;fade&quot;,&quot;background_slideshow_transition_duration&quot;:500}\">\n\t\t\t\t\t\t\t<div class=\"elementor-background-overlay\"><\/div>\n\t\t\t\t\t\t\t<div class=\"elementor-container elementor-column-gap-default\">\n\t\t\t\t\t<div class=\"elementor-column elementor-col-100 elementor-top-column elementor-element elementor-element-e05b8cb\" data-id=\"e05b8cb\" data-element_type=\"column\" data-e-type=\"column\">\n\t\t\t<div class=\"elementor-widget-wrap elementor-element-populated\">\n\t\t\t\t\t\t<div class=\"elementor-element elementor-element-f2f03e3 elementor-widget elementor-widget-heading\" data-id=\"f2f03e3\" data-element_type=\"widget\" data-e-type=\"widget\" data-widget_type=\"heading.default\">\n\t\t\t\t<div class=\"elementor-widget-container\">\n\t\t\t\t\t<h2 class=\"elementor-heading-title elementor-size-default\">Politique de confidentialit\u00e9<\/h2>\t\t\t\t<\/div>\n\t\t\t\t<\/div>\n\t\t\t\t\t<\/div>\n\t\t<\/div>\n\t\t\t\t\t<\/div>\n\t\t<\/section>\n\t\t\t\t<section class=\"elementor-section elementor-top-section elementor-element elementor-element-5c28a0e elementor-section-stretched elementor-section-boxed elementor-section-height-default elementor-section-height-default\" data-id=\"5c28a0e\" data-element_type=\"section\" data-e-type=\"section\" data-settings=\"{&quot;stretch_section&quot;:&quot;section-stretched&quot;}\">\n\t\t\t\t\t\t<div class=\"elementor-container elementor-column-gap-default\">\n\t\t\t\t\t<div class=\"elementor-column elementor-col-100 elementor-top-column elementor-element elementor-element-5422896\" data-id=\"5422896\" data-element_type=\"column\" data-e-type=\"column\">\n\t\t\t<div class=\"elementor-widget-wrap elementor-element-populated\">\n\t\t\t\t\t\t<div class=\"elementor-element elementor-element-658f7f6 elementor-widget elementor-widget-text-editor\" data-id=\"658f7f6\" data-element_type=\"widget\" data-e-type=\"widget\" data-widget_type=\"text-editor.default\">\n\t\t\t\t<div class=\"elementor-widget-container\">\n\t\t\t\t\t\t\t\t\t<h2><span style=\"color: #007f90;\">Qui sommes-nous\u00a0?<\/span><\/h2><p><span style=\"font-family: Roboto, sans-serif; font-size: 14.000001px; font-style: normal; font-variant-caps: normal;\">L\u2019adresse de notre site est : https:\/\/isual.fr<\/span><\/p><h2><span style=\"color: #007f90;\"><span style=\"caret-color: #007f90;\">Collecte des donn\u00e9es personnelles :<\/span><\/span><\/h2><p>Isual collecte des donn\u00e9es \u00e0 caract\u00e8re personnel lorsque les utilisateurs remplissent le formulaire de contact pr\u00e9sent sur Isual.fr ou lorsqu\u2019ils fournissent des informations via d\u2019autres canaux de communication. Les donn\u00e9es collect\u00e9es via le formulaire peuvent inclure, sans s\u2019y limiter, les noms, adresses e-mail, num\u00e9ros de t\u00e9l\u00e9phone, adresses postales, ainsi que des informations sp\u00e9cifiques concernant les projets pour lesquels les services d&rsquo;Isual sont sollicit\u00e9s.<\/p><h2><span style=\"color: #007f90;\"><span style=\"caret-color: #007f90;\">Utilisation des donn\u00e9es \u00e0 caract\u00e8re personnel :<\/span><\/span><\/h2><p>Les donn\u00e9es \u00e0 caract\u00e8re personnel collect\u00e9es \u00e0 travers le formulaire sont utilis\u00e9es dans le cadre de notre relation commerciale avec les utilisateurs et pour r\u00e9pondre aux demandes sp\u00e9cifiques de nos clients. Nous pouvons \u00e9galement utiliser ces donn\u00e9es pour communiquer avec nos clients concernant leurs projets en cours ou pour leur fournir des informations sur nos services.<\/p><h2><span style=\"color: #007f90;\"><span style=\"caret-color: #007f90;\">Dur\u00e9e de conservation des donn\u00e9es :<\/span><\/span><\/h2><p>Nous conservons les donn\u00e9es \u00e0 caract\u00e8re personnel collect\u00e9es via le formulaire pendant la dur\u00e9e n\u00e9cessaire pour atteindre les finalit\u00e9s pour lesquelles elles ont \u00e9t\u00e9 collect\u00e9es, sauf si une p\u00e9riode de conservation plus longue est requise.<\/p><h2><span style=\"color: #007f90;\"><span style=\"caret-color: #007f90;\">Droits des utilisateurs :<\/span><\/span><\/h2><p>Conform\u00e9ment aux lois applicables en mati\u00e8re de protection des donn\u00e9es, les utilisateurs ont le droit de rectifier, de supprimer ou de limiter l\u2019utilisation de leurs donn\u00e9es \u00e0 caract\u00e8re personnel collect\u00e9es via le formulaire. Pour exercer ces droits, les utilisateurs peuvent nous contacter en utilisant les coordonn\u00e9es fournies dans les mentions l\u00e9gales de ce site.<\/p><h2><span style=\"color: #007f90;\">Cookies :<\/span><\/h2><p>Isual utilise des cookies sur son site web. Les cookies sont de petits fichiers texte qui sont stock\u00e9s sur l&rsquo;ordinateur du client lorsqu&rsquo;il visite le site. Ces cookies permettent \u00e0 Isual de suivre les pr\u00e9f\u00e9rences des visiteurs et d&rsquo;am\u00e9liorer leur exp\u00e9rience sur le site. Une banni\u00e8re d&rsquo;acceptation ou de refus des cookies sera affich\u00e9e sur le site. Si le client accepte les cookies, ils seront conserv\u00e9s pendant une dur\u00e9e maximale d&rsquo;un mois.<\/p><h2><span style=\"color: #007f90;\"><span style=\"caret-color: #007f90;\">Consentement :<\/span><\/span><\/h2><p>En utilisant le formulaire de contact d&rsquo;Isual et en acceptant la banni\u00e8re des cookies, le client donne son consentement explicite \u00e0 la collecte, l&rsquo;utilisation et la conservation de ses donn\u00e9es personnelles conform\u00e9ment \u00e0 cette politique de confidentialit\u00e9.<\/p><h2><span style=\"color: #007f90;\"><span style=\"caret-color: #007f90;\">S\u00e9curit\u00e9 des donn\u00e9es :<\/span><\/span><\/h2><p>Isual prend toutes les mesures raisonnables pour assurer la s\u00e9curit\u00e9 et la confidentialit\u00e9 des donn\u00e9es \u00e0 caract\u00e8re personnel collect\u00e9es. Cependant, nous ne pouvons garantir la s\u00e9curit\u00e9 absolue des informations transmises par Internet. L&rsquo;utilisateur est inform\u00e9 qu&rsquo;il utilise le formulaire de collecte de donn\u00e9es \u00e0 ses propres responsabilit\u00e9.<\/p><h2><span style=\"color: #007f90;\"><span style=\"caret-color: #007f90;\">Transfert des donn\u00e9es :<\/span><\/span><\/h2><p>Les donn\u00e9es \u00e0 caract\u00e8re personnel collect\u00e9es via le formulaire ne seront pas transmises \u00e0 des tiers sans le consentement pr\u00e9alable de l&rsquo;utilisateur, sauf si cela est n\u00e9cessaire pour r\u00e9pondre \u00e0 une demande sp\u00e9cifique de l&rsquo;utilisateur ou si cela est exig\u00e9 par la loi.<\/p><p>\u00a0<\/p><p>En utilisant ce formulaire, l&rsquo;utilisateur accepte les termes et conditions \u00e9nonc\u00e9s dans cette politique de collecte de donn\u00e9es \u00e0 caract\u00e8re personnel. Isual se reserve le droit de mettre \u00e0 jour cette politique \u00e0 tout moment, sans pr\u00e9avis, afin de refl\u00e9ter les changements dans ses pratiques de collecte et de traitement des donn\u00e9es.<\/p><p>\u00a0<\/p>\t\t\t\t\t\t\t\t<\/div>\n\t\t\t\t<\/div>\n\t\t\t\t\t<\/div>\n\t\t<\/div>\n\t\t\t\t\t<\/div>\n\t\t<\/section>\n\t\t\t\t<\/div>\n\t\t","protected":false},"excerpt":{"rendered":"<p>Politique de confidentialit\u00e9 Qui sommes-nous\u00a0? L\u2019adresse de notre site est : https:\/\/isual.fr Collecte des donn\u00e9es personnelles : Isual collecte des donn\u00e9es \u00e0 caract\u00e8re personnel lorsque les utilisateurs remplissent le formulaire de contact pr\u00e9sent sur Isual.fr ou lorsqu\u2019ils fournissent des informations via d\u2019autres canaux de communication. Les donn\u00e9es collect\u00e9es via le formulaire peuvent inclure, sans s\u2019y [&hellip;]<\/p>\n","protected":false},"author":1,"featured_media":0,"parent":0,"menu_order":0,"comment_status":"closed","ping_status":"open","template":"","meta":{"_mi_skip_tracking":false,"_monsterinsights_sitenote_active":false,"_monsterinsights_sitenote_note":"","_monsterinsights_sitenote_category":0,"ocean_post_layout":"","ocean_both_sidebars_style":"","ocean_both_sidebars_content_width":0,"ocean_both_sidebars_sidebars_width":0,"ocean_sidebar":"0","ocean_second_sidebar":"0","ocean_disable_margins":"enable","ocean_add_body_class":"","ocean_shortcode_before_top_bar":"","ocean_shortcode_after_top_bar":"","ocean_shortcode_before_header":"","ocean_shortcode_after_header":"","ocean_has_shortcode":"","ocean_shortcode_after_title":"","ocean_shortcode_before_footer_widgets":"","ocean_shortcode_after_footer_widgets":"","ocean_shortcode_before_footer_bottom":"","ocean_shortcode_after_footer_bottom":"","ocean_display_top_bar":"default","ocean_display_header":"default","ocean_header_style":"","ocean_center_header_left_menu":"0","ocean_custom_header_template":"0","ocean_custom_logo":0,"ocean_custom_retina_logo":0,"ocean_custom_logo_max_width":0,"ocean_custom_logo_tablet_max_width":0,"ocean_custom_logo_mobile_max_width":0,"ocean_custom_logo_max_height":0,"ocean_custom_logo_tablet_max_height":0,"ocean_custom_logo_mobile_max_height":0,"ocean_header_custom_menu":"0","ocean_menu_typo_font_family":"0","ocean_menu_typo_font_subset":"","ocean_menu_typo_font_size":0,"ocean_menu_typo_font_size_tablet":0,"ocean_menu_typo_font_size_mobile":0,"ocean_menu_typo_font_size_unit":"px","ocean_menu_typo_font_weight":"","ocean_menu_typo_font_weight_tablet":"","ocean_menu_typo_font_weight_mobile":"","ocean_menu_typo_transform":"","ocean_menu_typo_transform_tablet":"","ocean_menu_typo_transform_mobile":"","ocean_menu_typo_line_height":0,"ocean_menu_typo_line_height_tablet":0,"ocean_menu_typo_line_height_mobile":0,"ocean_menu_typo_line_height_unit":"","ocean_menu_typo_spacing":0,"ocean_menu_typo_spacing_tablet":0,"ocean_menu_typo_spacing_mobile":0,"ocean_menu_typo_spacing_unit":"","ocean_menu_link_color":"","ocean_menu_link_color_hover":"","ocean_menu_link_color_active":"","ocean_menu_link_background":"","ocean_menu_link_hover_background":"","ocean_menu_link_active_background":"","ocean_menu_social_links_bg":"","ocean_menu_social_hover_links_bg":"","ocean_menu_social_links_color":"","ocean_menu_social_hover_links_color":"","ocean_disable_title":"on","ocean_disable_heading":"default","ocean_post_title":"","ocean_post_subheading":"","ocean_post_title_style":"","ocean_post_title_background_color":"","ocean_post_title_background":0,"ocean_post_title_bg_image_position":"","ocean_post_title_bg_image_attachment":"","ocean_post_title_bg_image_repeat":"","ocean_post_title_bg_image_size":"","ocean_post_title_height":0,"ocean_post_title_bg_overlay":0.5,"ocean_post_title_bg_overlay_color":"","ocean_disable_breadcrumbs":"default","ocean_breadcrumbs_color":"","ocean_breadcrumbs_separator_color":"","ocean_breadcrumbs_links_color":"","ocean_breadcrumbs_links_hover_color":"","ocean_display_footer_widgets":"default","ocean_display_footer_bottom":"default","ocean_custom_footer_template":"0","footnotes":""},"class_list":["post-3","page","type-page","status-publish","hentry","entry"],"yoast_head":"<!-- This site is optimized with the Yoast SEO plugin v27.3 - https:\/\/yoast.com\/product\/yoast-seo-wordpress\/ -->\n<title>Politique de confidentialit\u00e9 - Isual<\/title>\n<meta name=\"robots\" content=\"index, follow, max-snippet:-1, max-image-preview:large, max-video-preview:-1\" \/>\n<link rel=\"canonical\" href=\"https:\/\/isual.fr\/index.php\/politique-de-confidentialite\/\" \/>\n<meta property=\"og:locale\" content=\"fr_FR\" \/>\n<meta property=\"og:type\" content=\"article\" \/>\n<meta property=\"og:title\" content=\"Politique de confidentialit\u00e9 - Isual\" \/>\n<meta property=\"og:description\" content=\"Politique de confidentialit\u00e9 Qui sommes-nous\u00a0? L\u2019adresse de notre site est : https:\/\/isual.fr Collecte des donn\u00e9es personnelles : Isual collecte des donn\u00e9es \u00e0 caract\u00e8re personnel lorsque les utilisateurs remplissent le formulaire de contact pr\u00e9sent sur Isual.fr ou lorsqu\u2019ils fournissent des informations via d\u2019autres canaux de communication. Les donn\u00e9es collect\u00e9es via le formulaire peuvent inclure, sans s\u2019y [&hellip;]\" \/>\n<meta property=\"og:url\" content=\"https:\/\/isual.fr\/index.php\/politique-de-confidentialite\/\" \/>\n<meta property=\"og:site_name\" content=\"Isual\" \/>\n<meta property=\"article:modified_time\" content=\"2023-07-30T15:11:47+00:00\" \/>\n<meta name=\"twitter:card\" content=\"summary_large_image\" \/>\n<meta name=\"twitter:label1\" content=\"Dur\u00e9e de lecture estim\u00e9e\" \/>\n\t<meta name=\"twitter:data1\" content=\"3 minutes\" \/>\n<script type=\"application\/ld+json\" class=\"yoast-schema-graph\">{\"@context\":\"https:\\\/\\\/schema.org\",\"@graph\":[{\"@type\":\"WebPage\",\"@id\":\"https:\\\/\\\/isual.fr\\\/index.php\\\/politique-de-confidentialite\\\/\",\"url\":\"https:\\\/\\\/isual.fr\\\/index.php\\\/politique-de-confidentialite\\\/\",\"name\":\"Politique de confidentialit\u00e9 - Isual\",\"isPartOf\":{\"@id\":\"https:\\\/\\\/isual.fr\\\/#website\"},\"datePublished\":\"2023-02-08T14:22:22+00:00\",\"dateModified\":\"2023-07-30T15:11:47+00:00\",\"breadcrumb\":{\"@id\":\"https:\\\/\\\/isual.fr\\\/index.php\\\/politique-de-confidentialite\\\/#breadcrumb\"},\"inLanguage\":\"fr-FR\",\"potentialAction\":[{\"@type\":\"ReadAction\",\"target\":[\"https:\\\/\\\/isual.fr\\\/index.php\\\/politique-de-confidentialite\\\/\"]}]},{\"@type\":\"BreadcrumbList\",\"@id\":\"https:\\\/\\\/isual.fr\\\/index.php\\\/politique-de-confidentialite\\\/#breadcrumb\",\"itemListElement\":[{\"@type\":\"ListItem\",\"position\":1,\"name\":\"Accueil\",\"item\":\"https:\\\/\\\/isual.fr\\\/\"},{\"@type\":\"ListItem\",\"position\":2,\"name\":\"Politique de confidentialit\u00e9\"}]},{\"@type\":\"WebSite\",\"@id\":\"https:\\\/\\\/isual.fr\\\/#website\",\"url\":\"https:\\\/\\\/isual.fr\\\/\",\"name\":\"isual.fr\",\"description\":\"Rendez vos id\u00e9es visibles\",\"publisher\":{\"@id\":\"https:\\\/\\\/isual.fr\\\/#organization\"},\"potentialAction\":[{\"@type\":\"SearchAction\",\"target\":{\"@type\":\"EntryPoint\",\"urlTemplate\":\"https:\\\/\\\/isual.fr\\\/?s={search_term_string}\"},\"query-input\":{\"@type\":\"PropertyValueSpecification\",\"valueRequired\":true,\"valueName\":\"search_term_string\"}}],\"inLanguage\":\"fr-FR\"},{\"@type\":\"Organization\",\"@id\":\"https:\\\/\\\/isual.fr\\\/#organization\",\"name\":\"isual.fr\",\"url\":\"https:\\\/\\\/isual.fr\\\/\",\"logo\":{\"@type\":\"ImageObject\",\"inLanguage\":\"fr-FR\",\"@id\":\"https:\\\/\\\/isual.fr\\\/#\\\/schema\\\/logo\\\/image\\\/\",\"url\":\"https:\\\/\\\/isual.fr\\\/wp-content\\\/uploads\\\/2023\\\/02\\\/cropped-cropped-logo_isual-1.png\",\"contentUrl\":\"https:\\\/\\\/isual.fr\\\/wp-content\\\/uploads\\\/2023\\\/02\\\/cropped-cropped-logo_isual-1.png\",\"width\":896,\"height\":425,\"caption\":\"isual.fr\"},\"image\":{\"@id\":\"https:\\\/\\\/isual.fr\\\/#\\\/schema\\\/logo\\\/image\\\/\"}}]}<\/script>\n<!-- \/ Yoast SEO plugin. -->","yoast_head_json":{"title":"Politique de confidentialit\u00e9 - Isual","robots":{"index":"index","follow":"follow","max-snippet":"max-snippet:-1","max-image-preview":"max-image-preview:large","max-video-preview":"max-video-preview:-1"},"canonical":"https:\/\/isual.fr\/index.php\/politique-de-confidentialite\/","og_locale":"fr_FR","og_type":"article","og_title":"Politique de confidentialit\u00e9 - Isual","og_description":"Politique de confidentialit\u00e9 Qui sommes-nous\u00a0? L\u2019adresse de notre site est : https:\/\/isual.fr Collecte des donn\u00e9es personnelles : Isual collecte des donn\u00e9es \u00e0 caract\u00e8re personnel lorsque les utilisateurs remplissent le formulaire de contact pr\u00e9sent sur Isual.fr ou lorsqu\u2019ils fournissent des informations via d\u2019autres canaux de communication. Les donn\u00e9es collect\u00e9es via le formulaire peuvent inclure, sans s\u2019y [&hellip;]","og_url":"https:\/\/isual.fr\/index.php\/politique-de-confidentialite\/","og_site_name":"Isual","article_modified_time":"2023-07-30T15:11:47+00:00","twitter_card":"summary_large_image","twitter_misc":{"Dur\u00e9e de lecture estim\u00e9e":"3 minutes"},"schema":{"@context":"https:\/\/schema.org","@graph":[{"@type":"WebPage","@id":"https:\/\/isual.fr\/index.php\/politique-de-confidentialite\/","url":"https:\/\/isual.fr\/index.php\/politique-de-confidentialite\/","name":"Politique de confidentialit\u00e9 - Isual","isPartOf":{"@id":"https:\/\/isual.fr\/#website"},"datePublished":"2023-02-08T14:22:22+00:00","dateModified":"2023-07-30T15:11:47+00:00","breadcrumb":{"@id":"https:\/\/isual.fr\/index.php\/politique-de-confidentialite\/#breadcrumb"},"inLanguage":"fr-FR","potentialAction":[{"@type":"ReadAction","target":["https:\/\/isual.fr\/index.php\/politique-de-confidentialite\/"]}]},{"@type":"BreadcrumbList","@id":"https:\/\/isual.fr\/index.php\/politique-de-confidentialite\/#breadcrumb","itemListElement":[{"@type":"ListItem","position":1,"name":"Accueil","item":"https:\/\/isual.fr\/"},{"@type":"ListItem","position":2,"name":"Politique de confidentialit\u00e9"}]},{"@type":"WebSite","@id":"https:\/\/isual.fr\/#website","url":"https:\/\/isual.fr\/","name":"isual.fr","description":"Rendez vos id\u00e9es visibles","publisher":{"@id":"https:\/\/isual.fr\/#organization"},"potentialAction":[{"@type":"SearchAction","target":{"@type":"EntryPoint","urlTemplate":"https:\/\/isual.fr\/?s={search_term_string}"},"query-input":{"@type":"PropertyValueSpecification","valueRequired":true,"valueName":"search_term_string"}}],"inLanguage":"fr-FR"},{"@type":"Organization","@id":"https:\/\/isual.fr\/#organization","name":"isual.fr","url":"https:\/\/isual.fr\/","logo":{"@type":"ImageObject","inLanguage":"fr-FR","@id":"https:\/\/isual.fr\/#\/schema\/logo\/image\/","url":"https:\/\/isual.fr\/wp-content\/uploads\/2023\/02\/cropped-cropped-logo_isual-1.png","contentUrl":"https:\/\/isual.fr\/wp-content\/uploads\/2023\/02\/cropped-cropped-logo_isual-1.png","width":896,"height":425,"caption":"isual.fr"},"image":{"@id":"https:\/\/isual.fr\/#\/schema\/logo\/image\/"}}]}},"_links":{"self":[{"href":"https:\/\/isual.fr\/index.php\/wp-json\/wp\/v2\/pages\/3","targetHints":{"allow":["GET"]}}],"collection":[{"href":"https:\/\/isual.fr\/index.php\/wp-json\/wp\/v2\/pages"}],"about":[{"href":"https:\/\/isual.fr\/index.php\/wp-json\/wp\/v2\/types\/page"}],"author":[{"embeddable":true,"href":"https:\/\/isual.fr\/index.php\/wp-json\/wp\/v2\/users\/1"}],"replies":[{"embeddable":true,"href":"https:\/\/isual.fr\/index.php\/wp-json\/wp\/v2\/comments?post=3"}],"version-history":[{"count":58,"href":"https:\/\/isual.fr\/index.php\/wp-json\/wp\/v2\/pages\/3\/revisions"}],"predecessor-version":[{"id":2285,"href":"https:\/\/isual.fr\/index.php\/wp-json\/wp\/v2\/pages\/3\/revisions\/2285"}],"wp:attachment":[{"href":"https:\/\/isual.fr\/index.php\/wp-json\/wp\/v2\/media?parent=3"}],"curies":[{"name":"wp","href":"https:\/\/api.w.org\/{rel}","templated":true}]}}